{"id":200,"date":"2025-05-07T15:26:32","date_gmt":"2025-05-07T13:26:32","guid":{"rendered":"http:\/\/maxetlebois.fr\/?page_id=200"},"modified":"2025-11-01T05:56:31","modified_gmt":"2025-11-01T04:56:31","slug":"a-propos","status":"publish","type":"page","link":"https:\/\/maxetlebois.fr\/?page_id=200","title":{"rendered":"A propos"},"content":{"rendered":"\n<p><em>Max &amp; le Bois<\/em> est une micro-entreprise cr\u00e9\u00e9e par Maxime Chuche en fin d&#8217;ann\u00e9e 2022, sp\u00e9cialis\u00e9e dans la menuiserie d&#8217;agencement int\u00e9rieure et ext\u00e9rieure. <\/p>\n\n\n\n<p>Maxime Chuche est titulaire du CAP Menuiserie fabricant, mobilier et agencement depuis mai 2022 suite \u00e0 une formation de 9 mois \u00e0 la Philomatique de Bordeaux. Auparavant, il a obtenu le Dipl\u00f4me d&#8217;Ing\u00e9nieur de l&#8217;INSA de Rouen en 2014 et a travaill\u00e9 dans le domaine de l&#8217;acoustique automobile durant plusieurs ann\u00e9es.<\/p>\n\n\n\n<p>Fort de ses comp\u00e9tences techniques d&#8217;ing\u00e9nieur m\u00e9canicien, Maxime Chuche a su red\u00e9ployer sa rigueur scientifique et son esprit de synth\u00e8se pour l&#8217;appliquer au m\u00e9tier du bois. Il a toujours \u00e0 coeur de r\u00e9pondre aux exigences techniques et esth\u00e9tiques de chacun de ses clients.<\/p>\n\n\n\n<p><\/p>\n","protected":false},"excerpt":{"rendered":"<p>Max &amp; le Bois est une micro-entreprise cr\u00e9\u00e9e par Maxime Chuche en fin d&#8217;ann\u00e9e 2022, sp\u00e9cialis\u00e9e dans la menuiserie d&#8217;agencement int\u00e9rieure et ext\u00e9rieure. Maxime Chuche est titulaire du CAP Menuiserie fabricant, mobilier et agencement depuis mai 2022 suite \u00e0 une formation de 9 mois \u00e0 la Philomatique de Bordeaux. Auparavant, il a obtenu le Dipl\u00f4me [&hellip;]<\/p>\n","protected":false},"author":1,"featured_media":0,"parent":0,"menu_order":0,"comment_status":"closed","ping_status":"closed","template":"","meta":{"footnotes":""},"class_list":["post-200","page","type-page","status-publish","hentry"],"_links":{"self":[{"href":"https:\/\/maxetlebois.fr\/index.php?rest_route=\/wp\/v2\/pages\/200","targetHints":{"allow":["GET"]}}],"collection":[{"href":"https:\/\/maxetlebois.fr\/index.php?rest_route=\/wp\/v2\/pages"}],"about":[{"href":"https:\/\/maxetlebois.fr\/index.php?rest_route=\/wp\/v2\/types\/page"}],"author":[{"embeddable":true,"href":"https:\/\/maxetlebois.fr\/index.php?rest_route=\/wp\/v2\/users\/1"}],"replies":[{"embeddable":true,"href":"https:\/\/maxetlebois.fr\/index.php?rest_route=%2Fwp%2Fv2%2Fcomments&post=200"}],"version-history":[{"count":3,"href":"https:\/\/maxetlebois.fr\/index.php?rest_route=\/wp\/v2\/pages\/200\/revisions"}],"predecessor-version":[{"id":270,"href":"https:\/\/maxetlebois.fr\/index.php?rest_route=\/wp\/v2\/pages\/200\/revisions\/270"}],"wp:attachment":[{"href":"https:\/\/maxetlebois.fr\/index.php?rest_route=%2Fwp%2Fv2%2Fmedia&parent=200"}],"curies":[{"name":"wp","href":"https:\/\/api.w.org\/{rel}","templated":true}]}}