{"id":13,"date":"2025-02-13T15:31:17","date_gmt":"2025-02-13T14:31:17","guid":{"rendered":"http:\/\/maxetlebois.fr\/?page_id=13"},"modified":"2025-11-01T05:40:08","modified_gmt":"2025-11-01T04:40:08","slug":"contactez-moi","status":"publish","type":"page","link":"https:\/\/maxetlebois.fr\/?page_id=13","title":{"rendered":"Contactez-nous"},"content":{"rendered":"\n<p>Une simple question ou une demande de devis? N&#8217;h\u00e9sitez pas \u00e0 nous laisser vos coordonn\u00e9es afin que nous puissions vous recontacter dans les meilleurs d\u00e9lais.<\/p>\n\n\n<div class=\"wpforms-container wpforms-container-full wpforms-block wpforms-block-2fab07b7-0370-4949-aa16-353d5ec19554 wpforms-render-modern\" id=\"wpforms-11\"><form id=\"wpforms-form-11\" class=\"wpforms-validate wpforms-form wpforms-ajax-form\" data-formid=\"11\" method=\"post\" enctype=\"multipart\/form-data\" action=\"\/index.php?rest_route=%2Fwp%2Fv2%2Fpages%2F13\" data-token=\"f7978d87375f3538d4beb587135328be\" data-token-time=\"1778232700\"><noscript class=\"wpforms-error-noscript\">Please enable JavaScript in your browser to complete this form.<\/noscript><div class=\"wpforms-hidden\" id=\"wpforms-error-noscript\">Please enable JavaScript in your browser to complete this form.<\/div><div class=\"wpforms-field-container\"><div id=\"wpforms-11-field_1-container\" class=\"wpforms-field wpforms-field-name\" data-field-id=\"1\"><fieldset><legend class=\"wpforms-field-label\">Nom<\/legend><div class=\"wpforms-field-row wpforms-field-medium\"><div class=\"wpforms-field-row-block wpforms-first wpforms-one-half\"><input type=\"text\" id=\"wpforms-11-field_1\" class=\"wpforms-field-name-first\" name=\"wpforms[fields][1][first]\" aria-errormessage=\"wpforms-11-field_1-error\" ><label for=\"wpforms-11-field_1\" class=\"wpforms-field-sublabel after\">First<\/label><\/div><div class=\"wpforms-field-row-block wpforms-one-half\"><input type=\"text\" id=\"wpforms-11-field_1-last\" class=\"wpforms-field-name-last\" name=\"wpforms[fields][1][last]\" aria-errormessage=\"wpforms-11-field_1-last-error\" ><label for=\"wpforms-11-field_1-last\" class=\"wpforms-field-sublabel after\">Last<\/label><\/div><\/div><\/fieldset><\/div><div id=\"wpforms-11-field_4-container\" class=\"wpforms-field wpforms-field-select wpforms-field-select-style-classic\" data-field-id=\"4\"><label class=\"wpforms-field-label\" for=\"wpforms-11-field_4\">Je suis:<\/label><select id=\"wpforms-11-field_4\" class=\"wpforms-field-medium\" name=\"wpforms[fields][4]\"><option value=\"un particulier\" >un particulier<\/option><option value=\"une entreprise\" >une entreprise<\/option><option value=\"une institution\" >une institution<\/option><\/select><\/div><div id=\"wpforms-11-field_2-container\" class=\"wpforms-field wpforms-field-email\" data-field-id=\"2\"><label class=\"wpforms-field-label\" for=\"wpforms-11-field_2\">E-mail <span class=\"wpforms-required-label\" aria-hidden=\"true\">*<\/span><\/label><input type=\"email\" id=\"wpforms-11-field_2\" class=\"wpforms-field-medium wpforms-field-required\" name=\"wpforms[fields][2]\" spellcheck=\"false\" aria-errormessage=\"wpforms-11-field_2-error\" required><\/div><div id=\"wpforms-11-field_8-container\" class=\"wpforms-field wpforms-field-number\" data-field-id=\"8\"><label class=\"wpforms-field-label\" for=\"wpforms-11-field_8\">T\u00e9l\u00e9phone<\/label><input type=\"number\" id=\"wpforms-11-field_8\" class=\"wpforms-field-medium\" name=\"wpforms[fields][8]\" aria-errormessage=\"wpforms-11-field_8-error\" ><\/div><div id=\"wpforms-11-field_3-container\" class=\"wpforms-field wpforms-field-textarea\" data-field-id=\"3\"><label class=\"wpforms-field-label\" for=\"wpforms-11-field_3\">Message \u00e0 destination de Max et le Bois<\/label><textarea id=\"wpforms-11-field_3\" class=\"wpforms-field-medium\" name=\"wpforms[fields][3]\" aria-errormessage=\"wpforms-11-field_3-error\" ><\/textarea><\/div><div id=\"wpforms-11-field_6-container\" class=\"wpforms-field wpforms-field-radio\" data-field-id=\"6\"><fieldset><legend class=\"wpforms-field-label\">Je souhaite \u00eatre recontact\u00e9(e) pour un devis:<\/legend><ul id=\"wpforms-11-field_6\"><li class=\"choice-1 depth-1\"><input type=\"radio\" id=\"wpforms-11-field_6_1\" name=\"wpforms[fields][6]\" value=\"oui\" aria-errormessage=\"wpforms-11-field_6_1-error\"  ><label class=\"wpforms-field-label-inline\" for=\"wpforms-11-field_6_1\">oui<\/label><\/li><li class=\"choice-2 depth-1\"><input type=\"radio\" id=\"wpforms-11-field_6_2\" name=\"wpforms[fields][6]\" value=\"non\" aria-errormessage=\"wpforms-11-field_6_2-error\"  ><label class=\"wpforms-field-label-inline\" for=\"wpforms-11-field_6_2\">non<\/label><\/li><\/ul><\/fieldset><\/div><\/div><!-- .wpforms-field-container --><div class=\"wpforms-submit-container\" ><input type=\"hidden\" name=\"wpforms[id]\" value=\"11\"><input type=\"hidden\" name=\"page_title\" value=\"\"><input type=\"hidden\" name=\"page_url\" value=\"https:\/\/maxetlebois.fr\/index.php?rest_route=\/wp\/v2\/pages\/13\"><button type=\"submit\" name=\"wpforms[submit]\" id=\"wpforms-submit-11\" class=\"wpforms-submit\" data-alt-text=\"Envoi...\" data-submit-text=\"Envoyer\" aria-live=\"assertive\" value=\"wpforms-submit\">Envoyer<\/button><img loading=\"lazy\" decoding=\"async\" src=\"https:\/\/maxetlebois.fr\/wp-content\/plugins\/wpforms-lite\/assets\/images\/submit-spin.svg\" class=\"wpforms-submit-spinner\" style=\"display: none;\" width=\"26\" height=\"26\" alt=\"Loading\"><\/div><\/form><\/div>  <!-- .wpforms-container -->","protected":false},"excerpt":{"rendered":"<p>Une simple question ou une demande de devis? N&#8217;h\u00e9sitez pas \u00e0 nous laisser vos coordonn\u00e9es afin que nous puissions vous recontacter dans les meilleurs d\u00e9lais.<\/p>\n","protected":false},"author":1,"featured_media":0,"parent":0,"menu_order":0,"comment_status":"closed","ping_status":"closed","template":"","meta":{"footnotes":""},"class_list":["post-13","page","type-page","status-publish","hentry"],"_links":{"self":[{"href":"https:\/\/maxetlebois.fr\/index.php?rest_route=\/wp\/v2\/pages\/13","targetHints":{"allow":["GET"]}}],"collection":[{"href":"https:\/\/maxetlebois.fr\/index.php?rest_route=\/wp\/v2\/pages"}],"about":[{"href":"https:\/\/maxetlebois.fr\/index.php?rest_route=\/wp\/v2\/types\/page"}],"author":[{"embeddable":true,"href":"https:\/\/maxetlebois.fr\/index.php?rest_route=\/wp\/v2\/users\/1"}],"replies":[{"embeddable":true,"href":"https:\/\/maxetlebois.fr\/index.php?rest_route=%2Fwp%2Fv2%2Fcomments&post=13"}],"version-history":[{"count":4,"href":"https:\/\/maxetlebois.fr\/index.php?rest_route=\/wp\/v2\/pages\/13\/revisions"}],"predecessor-version":[{"id":267,"href":"https:\/\/maxetlebois.fr\/index.php?rest_route=\/wp\/v2\/pages\/13\/revisions\/267"}],"wp:attachment":[{"href":"https:\/\/maxetlebois.fr\/index.php?rest_route=%2Fwp%2Fv2%2Fmedia&parent=13"}],"curies":[{"name":"wp","href":"https:\/\/api.w.org\/{rel}","templated":true}]}}